{"id":21,"date":"2023-07-31T14:07:56","date_gmt":"2023-07-31T14:07:56","guid":{"rendered":"https:\/\/richlik.de\/?page_id=21"},"modified":"2023-08-10T12:36:29","modified_gmt":"2023-08-10T12:36:29","slug":"service","status":"publish","type":"page","link":"https:\/\/richlik.de\/?page_id=21","title":{"rendered":"Service"},"content":{"rendered":"\n<p class=\"has-text-align-center\"><strong>Service<\/strong> &#8211; Wir helfen Ihnen bei Alltagsfragen rund um Ihre IT-Ausstattung.<\/p>\n\n\n\n<p class=\"has-text-align-center\">Wir installieren Ihren neuen Computer und neues Zubeh\u00f6r nach Ihren W\u00fcnschen.<\/p>\n\n\n\n<p class=\"has-text-align-center\">Auch bei der Einrichtung Ihres Smartphones bieten wir Ihnen Unterst\u00fctzung <\/p>\n\n\n\n<p class=\"has-text-align-center\">und sind Ihnen bei Fragen zur Bedienung und Handhabung behilflich.<\/p>\n","protected":false},"excerpt":{"rendered":"<p>Service &#8211; Wir helfen Ihnen bei Alltagsfragen rund um Ihre IT-Ausstattung. Wir installieren Ihren neuen Computer und neues Zubeh\u00f6r nach Ihren W\u00fcnschen. Auch bei der Einrichtung Ihres Smartphones bieten wir Ihnen Unterst\u00fctzung und sind Ihnen bei Fragen zur Bedienung und Handhabung behilflich.<\/p>\n","protected":false},"author":1,"featured_media":0,"parent":0,"menu_order":0,"comment_status":"closed","ping_status":"closed","template":"","meta":[],"_links":{"self":[{"href":"https:\/\/richlik.de\/index.php?rest_route=\/wp\/v2\/pages\/21"}],"collection":[{"href":"https:\/\/richlik.de\/index.php?rest_route=\/wp\/v2\/pages"}],"about":[{"href":"https:\/\/richlik.de\/index.php?rest_route=\/wp\/v2\/types\/page"}],"author":[{"embeddable":true,"href":"https:\/\/richlik.de\/index.php?rest_route=\/wp\/v2\/users\/1"}],"replies":[{"embeddable":true,"href":"https:\/\/richlik.de\/index.php?rest_route=%2Fwp%2Fv2%2Fcomments&post=21"}],"version-history":[{"count":4,"href":"https:\/\/richlik.de\/index.php?rest_route=\/wp\/v2\/pages\/21\/revisions"}],"predecessor-version":[{"id":82,"href":"https:\/\/richlik.de\/index.php?rest_route=\/wp\/v2\/pages\/21\/revisions\/82"}],"wp:attachment":[{"href":"https:\/\/richlik.de\/index.php?rest_route=%2Fwp%2Fv2%2Fmedia&parent=21"}],"curies":[{"name":"wp","href":"https:\/\/api.w.org\/{rel}","templated":true}]}}