{"id":4,"date":"2023-07-31T07:55:43","date_gmt":"2023-07-31T07:55:43","guid":{"rendered":"https:\/\/richlik.de\/?page_id=4"},"modified":"2023-08-05T10:27:14","modified_gmt":"2023-08-05T10:27:14","slug":"willkommen-auf-https-richlik-de","status":"publish","type":"page","link":"https:\/\/richlik.de\/","title":{"rendered":"Willkommen auf www.richlik.de"},"content":{"rendered":"\n<h2 class=\"wp-block-heading has-text-align-center\">EDV Beratung, Schulung und Service aus einem Haus.<\/h2>\n\n\n\n<p class=\"has-text-align-center\">Seit 1990 bieten wir, in Hohenlohe und im Unterland, private und gewerblichen Kunden,<br>Unterst\u00fctzung im IT-Bereich an.<\/p>\n\n\n\n<p class=\"has-text-align-center\"><strong>Beratung<\/strong> bei der Auswahl der ben\u00f6tigten Hardware<\/p>\n\n\n\n<p class=\"has-text-align-center\"><strong>Schulung<\/strong> in den Anwendungsprogrammen<\/p>\n\n\n\n<p class=\"has-text-align-center\"><strong>Service<\/strong> bei den allt\u00e4glichen IT-Fragen<\/p>\n\n\n\n<p class=\"has-text-align-center\">Gerne stehen wir Ihnen mit Rat und Tat zur Seite<\/p>\n\n\n\n<p><\/p>\n","protected":false},"excerpt":{"rendered":"<p>EDV Beratung, Schulung und Service aus einem Haus. Seit 1990 bieten wir, in Hohenlohe und im Unterland, private und gewerblichen Kunden,Unterst\u00fctzung im IT-Bereich an. Beratung bei der Auswahl der ben\u00f6tigten Hardware Schulung in den Anwendungsprogrammen Service bei den allt\u00e4glichen IT-Fragen Gerne stehen wir Ihnen mit Rat und Tat zur Seite<\/p>\n","protected":false},"author":1,"featured_media":0,"parent":0,"menu_order":0,"comment_status":"closed","ping_status":"open","template":"","meta":[],"_links":{"self":[{"href":"https:\/\/richlik.de\/index.php?rest_route=\/wp\/v2\/pages\/4"}],"collection":[{"href":"https:\/\/richlik.de\/index.php?rest_route=\/wp\/v2\/pages"}],"about":[{"href":"https:\/\/richlik.de\/index.php?rest_route=\/wp\/v2\/types\/page"}],"author":[{"embeddable":true,"href":"https:\/\/richlik.de\/index.php?rest_route=\/wp\/v2\/users\/1"}],"replies":[{"embeddable":true,"href":"https:\/\/richlik.de\/index.php?rest_route=%2Fwp%2Fv2%2Fcomments&post=4"}],"version-history":[{"count":5,"href":"https:\/\/richlik.de\/index.php?rest_route=\/wp\/v2\/pages\/4\/revisions"}],"predecessor-version":[{"id":70,"href":"https:\/\/richlik.de\/index.php?rest_route=\/wp\/v2\/pages\/4\/revisions\/70"}],"wp:attachment":[{"href":"https:\/\/richlik.de\/index.php?rest_route=%2Fwp%2Fv2%2Fmedia&parent=4"}],"curies":[{"name":"wp","href":"https:\/\/api.w.org\/{rel}","templated":true}]}}