{"id":48,"date":"2023-08-01T04:21:36","date_gmt":"2023-08-01T04:21:36","guid":{"rendered":"https:\/\/richlik.de\/?page_id=48"},"modified":"2023-08-01T04:26:57","modified_gmt":"2023-08-01T04:26:57","slug":"impressum","status":"publish","type":"page","link":"https:\/\/richlik.de\/?page_id=48","title":{"rendered":"Impressum"},"content":{"rendered":"\n<h2 class=\"wp-block-heading\">EDV-Beratung Achim Richlik<\/h2>\n\n\n\n<p>Tel.: 0176 41547103&nbsp;&nbsp; info@richlik.de&nbsp;&nbsp;&nbsp; www.richlik.de<\/p>\n\n\n\n<p>Rechtsform: Personengesellschaft&nbsp; &#8211;&nbsp; Inhaber: Achim Richlik&nbsp;&nbsp;&nbsp;&nbsp; Sitz: 74226 Nordheim, Keltenweg 7&nbsp; &#8211;&nbsp; DE146804297<\/p>\n\n\n\n<p>AGB \u2013 Haftung<\/p>\n\n\n\n<p>Die durch die Seitenbetreiber erstellten Inhalte und Werke auf diesen Seiten unterliegen dem deutschen Urheberrecht. Die Vervielf\u00e4ltigung, Bearbeitung, Verbreitung und jede Art der Verwertung au\u00dferhalb der Grenzen des Urheberrechtes bed\u00fcrfen der schriftlichen Zustimmung des jeweiligen Autors bzw. Erstellers. Downloads und Kopien dieser Seite sind nicht gestattet!<\/p>\n\n\n\n<p>Die Inhalte unserer Seiten wurden mit gr\u00f6\u00dfter Sorgfalt erstellt. F\u00fcr die Richtigkeit, Vollst\u00e4ndigkeit und Aktualit\u00e4t der Inhalte k\u00f6nnen wir jedoch keine Gew\u00e4hr \u00fcbernehmen. Als Diensteanbieter sind wir gem\u00e4\u00df \u00a7 7 Abs.1 TMG f\u00fcr eigene Inhalte auf diesen Seiten nach den allgemeinen Gesetzen verantwortlich.<\/p>\n\n\n\n<p>Trotz sorgf\u00e4ltiger inhaltlicher Kontrolle \u00fcbernehmen wir keine Haftung f\u00fcr die Inhalte externer Links. F\u00fcr den Inhalt der verlinkten Seiten sind ausschlie\u00dflich deren Betreiber verantwortlich.<\/p>\n\n\n\n<p>Verpflichtungen zur Entfernung oder Sperrung der Nutzung von Informationen nach den allgemeinen Gesetzen bleiben hiervon unber\u00fchrt. Eine diesbez\u00fcgliche Haftung ist jedoch erst ab dem Zeitpunkt der Kenntnis einer konkreten Rechtsverletzung m\u00f6glich. Bei Bekanntwerden von entsprechenden Rechtsverletzungen werden wir diese Inhalte umgehend entfernen.<\/p>\n","protected":false},"excerpt":{"rendered":"<p>EDV-Beratung Achim Richlik Tel.: 0176 41547103&nbsp;&nbsp; info@richlik.de&nbsp;&nbsp;&nbsp; www.richlik.de Rechtsform: Personengesellschaft&nbsp; &#8211;&nbsp; Inhaber: Achim Richlik&nbsp;&nbsp;&nbsp;&nbsp; Sitz: 74226 Nordheim, Keltenweg 7&nbsp; &#8211;&nbsp; DE146804297 AGB \u2013 Haftung Die durch die Seitenbetreiber erstellten Inhalte und Werke auf diesen Seiten unterliegen dem deutschen Urheberrecht. Die Vervielf\u00e4ltigung, Bearbeitung, Verbreitung und jede Art der Verwertung au\u00dferhalb der Grenzen des Urheberrechtes bed\u00fcrfen der schriftlichen Zustimmung des jeweiligen Autors bzw. Erstellers. Downloads und Kopien dieser Seite sind nicht gestattet!&hellip;<\/p>\n","protected":false},"author":1,"featured_media":0,"parent":0,"menu_order":0,"comment_status":"closed","ping_status":"closed","template":"","meta":[],"_links":{"self":[{"href":"https:\/\/richlik.de\/index.php?rest_route=\/wp\/v2\/pages\/48"}],"collection":[{"href":"https:\/\/richlik.de\/index.php?rest_route=\/wp\/v2\/pages"}],"about":[{"href":"https:\/\/richlik.de\/index.php?rest_route=\/wp\/v2\/types\/page"}],"author":[{"embeddable":true,"href":"https:\/\/richlik.de\/index.php?rest_route=\/wp\/v2\/users\/1"}],"replies":[{"embeddable":true,"href":"https:\/\/richlik.de\/index.php?rest_route=%2Fwp%2Fv2%2Fcomments&post=48"}],"version-history":[{"count":2,"href":"https:\/\/richlik.de\/index.php?rest_route=\/wp\/v2\/pages\/48\/revisions"}],"predecessor-version":[{"id":57,"href":"https:\/\/richlik.de\/index.php?rest_route=\/wp\/v2\/pages\/48\/revisions\/57"}],"wp:attachment":[{"href":"https:\/\/richlik.de\/index.php?rest_route=%2Fwp%2Fv2%2Fmedia&parent=48"}],"curies":[{"name":"wp","href":"https:\/\/api.w.org\/{rel}","templated":true}]}}